{"id":186,"date":"2023-10-03T17:40:00","date_gmt":"2023-10-03T15:40:00","guid":{"rendered":"http:\/\/prtcd-bayern.de\/?page_id=186"},"modified":"2024-10-23T10:18:43","modified_gmt":"2024-10-23T08:18:43","slug":"termine","status":"publish","type":"page","link":"https:\/\/prtcd-lg-bayern.de\/?page_id=186","title":{"rendered":"Termine"},"content":{"rendered":"\n<h4 class=\"wp-block-heading\">So melden Sie richtig!<\/h4>\n\n\n\n<p>Meldeschluss f\u00fcr alle Pr\u00fcfungen ist, wenn nicht anders angeben 14 Tage vor Pr\u00fcfungstermin. Ein Hund gilt erst mit Eingang der schriftlichen Meldung, sowie drei lesbaren Fotokopien der Ahnentafel \/ Registerbescheinigung (Vor- und R\u00fcckseite) je Pr\u00fcfung und der \u00dcberweisung der Meldegeb\u00fchr als gemeldet.<\/p>\n\n\n\n<p>Wir m\u00f6chten darauf hinweisen, das die Meldegelder auf das Konto der Landesgruppe Bayern, mit Angabe: Name des Hundes, Tag der Pr\u00fcfung sowie Pr\u00fcfungsart, einzuzahlen sind. Bankverbindung im Clubheft. Bei VStP und VSwP ist das Meldegeld auf das jeweilige Konto einzahlen. Meldegeld ist Reuegeld! (Mit * markierte Meldegeb\u00fchr f\u00fcr Nicht-Mitglieder)<\/p>\n\n\n\n<p>Die aktuellen Meldeformulare gibt es auf der <a href=\"https:\/\/www.prtcd.de\/service\/downloads.php\" data-type=\"link\" data-id=\"https:\/\/www.prtcd.de\/service\/downloads.php\">Webseite des PRTCD e.V.<\/a>!<\/p>\n\n\n\n<hr class=\"wp-block-separator has-alpha-channel-opacity\"\/>\n\n\n\n<figure class=\"wp-block-image size-full\"><img loading=\"lazy\" decoding=\"async\" width=\"2560\" height=\"1440\" src=\"https:\/\/prtcd-lg-bayern.de\/wp-content\/uploads\/2024\/03\/PXL_20230729_163839319-scaled.jpg\" alt=\"\" class=\"wp-image-447\" srcset=\"https:\/\/prtcd-lg-bayern.de\/wp-content\/uploads\/2024\/03\/PXL_20230729_163839319-scaled.jpg 2560w, https:\/\/prtcd-lg-bayern.de\/wp-content\/uploads\/2024\/03\/PXL_20230729_163839319-300x169.jpg 300w, https:\/\/prtcd-lg-bayern.de\/wp-content\/uploads\/2024\/03\/PXL_20230729_163839319-1024x576.jpg 1024w, https:\/\/prtcd-lg-bayern.de\/wp-content\/uploads\/2024\/03\/PXL_20230729_163839319-768x432.jpg 768w, https:\/\/prtcd-lg-bayern.de\/wp-content\/uploads\/2024\/03\/PXL_20230729_163839319-1536x864.jpg 1536w, https:\/\/prtcd-lg-bayern.de\/wp-content\/uploads\/2024\/03\/PXL_20230729_163839319-2048x1152.jpg 2048w\" sizes=\"auto, (max-width: 2560px) 100vw, 2560px\" \/><figcaption class=\"wp-element-caption\">Harry vom Bindergarten<\/figcaption><\/figure>\n","protected":false},"excerpt":{"rendered":"<p>So melden Sie richtig! Meldeschluss f\u00fcr alle Pr\u00fcfungen ist, wenn nicht anders angeben 14 Tage vor Pr\u00fcfungstermin. Ein Hund gilt erst mit Eingang der schriftlichen Meldung, sowie drei lesbaren Fotokopien der Ahnentafel \/ Registerbescheinigung (Vor- und R\u00fcckseite) je Pr\u00fcfung und der \u00dcberweisung der Meldegeb\u00fchr als gemeldet. Wir m\u00f6chten darauf hinweisen, das die Meldegelder auf das [&hellip;]<\/p>\n","protected":false},"author":2,"featured_media":0,"parent":0,"menu_order":2,"comment_status":"closed","ping_status":"closed","template":"","meta":{"footnotes":""},"class_list":["post-186","page","type-page","status-publish","hentry"],"_links":{"self":[{"href":"https:\/\/prtcd-lg-bayern.de\/index.php?rest_route=\/wp\/v2\/pages\/186","targetHints":{"allow":["GET"]}}],"collection":[{"href":"https:\/\/prtcd-lg-bayern.de\/index.php?rest_route=\/wp\/v2\/pages"}],"about":[{"href":"https:\/\/prtcd-lg-bayern.de\/index.php?rest_route=\/wp\/v2\/types\/page"}],"author":[{"embeddable":true,"href":"https:\/\/prtcd-lg-bayern.de\/index.php?rest_route=\/wp\/v2\/users\/2"}],"replies":[{"embeddable":true,"href":"https:\/\/prtcd-lg-bayern.de\/index.php?rest_route=%2Fwp%2Fv2%2Fcomments&post=186"}],"version-history":[{"count":4,"href":"https:\/\/prtcd-lg-bayern.de\/index.php?rest_route=\/wp\/v2\/pages\/186\/revisions"}],"predecessor-version":[{"id":548,"href":"https:\/\/prtcd-lg-bayern.de\/index.php?rest_route=\/wp\/v2\/pages\/186\/revisions\/548"}],"wp:attachment":[{"href":"https:\/\/prtcd-lg-bayern.de\/index.php?rest_route=%2Fwp%2Fv2%2Fmedia&parent=186"}],"curies":[{"name":"wp","href":"https:\/\/api.w.org\/{rel}","templated":true}]}}