{"id":196,"date":"2023-10-03T17:46:10","date_gmt":"2023-10-03T15:46:10","guid":{"rendered":"http:\/\/prtcd-bayern.de\/?page_id=190"},"modified":"2026-03-23T13:12:06","modified_gmt":"2026-03-23T12:12:06","slug":"pruefungen","status":"publish","type":"page","link":"https:\/\/prtcd-lg-bayern.de\/?page_id=196","title":{"rendered":"Pr\u00fcfungen"},"content":{"rendered":"\n<h4 class=\"wp-block-heading\">12.04.2026 Junghundpr\u00fcfung (JP) im Raum Regensburg<\/h4>\n\n\n\n<p>Zulassungsvoraussetzung: bestandene Baupr\u00fcfung oder gepr\u00fcfte Baueignung<br>Meldestelle + Pr\u00fcfungsleitung: Christian Freundorfer, St.-Benedikt-Str. 8, 93053 Regensburg, 0941-71222, 0175-4125171<br>Nenngeld: 100,-\u20ac\/*200,-\u20ac, max. 5 Hunde<br>Meldeschluss 3 Wochen vor der Pr\u00fcfung<\/p>\n\n\n\n<hr class=\"wp-block-separator has-alpha-channel-opacity\"\/>\n\n\n\n<h4 class=\"wp-block-heading\">10.05.2026 Wesenstest (WT) in Coburg<\/h4>\n\n\n\n<p>Meldestelle + Pr\u00fcfungsleitung: Kirsten Schwarm, K\u00fcrengrund 56, 96450 Coburg<br>Nenngeld: 50,-\u20ac\/*75,-\u20ac, mind. 5 Hunde&nbsp;<br>Meldeschluss 3 Wochen vor der Pr\u00fcfung<\/p>\n\n\n\n<hr class=\"wp-block-separator has-alpha-channel-opacity\"\/>\n\n\n\n<h4 class=\"wp-block-heading\">07.2026 Wesenstest (WT)<\/h4>\n\n\n\n<p>weitere Infos in Heft 1\/2026<\/p>\n\n\n\n<p>Meldestelle + Pr\u00fcfungsleitung: Heidi Freytag, Unterlappach 3, 82216 Maisach, Tel. 08135-92191<br>Nenngeld: 50,-\u20ac\/*75,-\u20ac, mind. 3 Hunde<br>Meldeschluss 3 Wochen vor der Pr\u00fcfung<\/p>\n\n\n\n<hr class=\"wp-block-separator has-alpha-channel-opacity\"\/>\n\n\n\n<h4 class=\"wp-block-heading\">07.2026 Zuchtschau (ZS) auf Schlo\u00df Niederaichbach<\/h4>\n\n\n\n<p>weitere Infos in Heft 1\/2026<\/p>\n\n\n\n<p>Zulassungsvoraussetzung: bestandener Wesenstest und vollendete 12 Monate<br>Zuchtrichter: tbd<br>Meldestelle + Zuchtschauleitung: Heidi Freytag, Unterlappach 3, 82216 Maisach, Tel. 08135-92191<br>Nenngeld: 50,- \u20ac\/*100,-\u20ac<br>Meldeschluss 3 Wochen vor der Pr\u00fcfung<\/p>\n\n\n\n<hr class=\"wp-block-separator has-alpha-channel-opacity\"\/>\n\n\n\n<h4 class=\"wp-block-heading\">06.09.2026 Zuchtpr\u00fcfung (ZP) im Raum Hof<\/h4>\n\n\n\n<p>Zulassungsvoraussetzung: bestandene Baupr\u00fcfung<br>St\u00f6bergel\u00e4nde: Wald und Feldgeh\u00f6lze<br>Gelegenheit zur Spurarbeit kann nicht garantiert werden<br>Meldestelle + Pr\u00fcfungsleitung: Gabi Wirth, Bachstr. 61, 95176 Konradsreuth, wirthgabriele@outlook.de, Tel. 0151-55297176<br>Nenngeld: 100,-\u20ac\/*200,-\u20ac mind. 3 Hunde<br>Meldeschluss: 3 Wochen vor der Pr\u00fcfung<\/p>\n\n\n\n<hr class=\"wp-block-separator has-alpha-channel-opacity\"\/>\n\n\n\n<h4 class=\"wp-block-heading\">09.2026 Gebrauchspr\u00fcfung (GP) in Unternesselbach &#8211; ausgebucht!<\/h4>\n\n\n\n<p>Es sind bereits alle Pl\u00e4tze f\u00fcr die diesj\u00e4hrige GP belegt. Bei Bedarf wird eine Warteliste gef\u00fchrt.<\/p>\n\n\n\n<p>weitere Infos in Heft 1\/2026<\/p>\n\n\n\n<p>Zulassungsvoraussetzung: bestandene Baupr\u00fcfung<br>St\u00f6bergel\u00e4nde: Feldgeh\u00f6lze<br>Schwei\u00dff\u00e4hrte: Rehwildschwei\u00df gespritzt<br>Meldestelle: Christian Freundorfer, St.-Benedikt-Str. 8, 93053 Regensburg, 0941-71222, 0175-4125171<br>Nenngeld: 180,-\u20ac\/*360,-\u20ac<br>Meldeschluss 3 Wochen vor der Pr\u00fcfung<br>Mind. 3 Hunde, max. 5 Hunde<\/p>\n\n\n\n<p><\/p>\n","protected":false},"excerpt":{"rendered":"<p>12.04.2026 Junghundpr\u00fcfung (JP) im Raum Regensburg Zulassungsvoraussetzung: bestandene Baupr\u00fcfung oder gepr\u00fcfte BaueignungMeldestelle + Pr\u00fcfungsleitung: Christian Freundorfer, St.-Benedikt-Str. 8, 93053 Regensburg, 0941-71222, 0175-4125171Nenngeld: 100,-\u20ac\/*200,-\u20ac, max. 5 HundeMeldeschluss 3 Wochen vor der Pr\u00fcfung 10.05.2026 Wesenstest (WT) in Coburg Meldestelle + Pr\u00fcfungsleitung: Kirsten Schwarm, K\u00fcrengrund 56, 96450 CoburgNenngeld: 50,-\u20ac\/*75,-\u20ac, mind. 5 Hunde&nbsp;Meldeschluss 3 Wochen vor der Pr\u00fcfung 07.2026 [&hellip;]<\/p>\n","protected":false},"author":2,"featured_media":0,"parent":186,"menu_order":1,"comment_status":"closed","ping_status":"closed","template":"","meta":{"footnotes":""},"class_list":["post-196","page","type-page","status-publish","hentry"],"_links":{"self":[{"href":"https:\/\/prtcd-lg-bayern.de\/index.php?rest_route=\/wp\/v2\/pages\/196","targetHints":{"allow":["GET"]}}],"collection":[{"href":"https:\/\/prtcd-lg-bayern.de\/index.php?rest_route=\/wp\/v2\/pages"}],"about":[{"href":"https:\/\/prtcd-lg-bayern.de\/index.php?rest_route=\/wp\/v2\/types\/page"}],"author":[{"embeddable":true,"href":"https:\/\/prtcd-lg-bayern.de\/index.php?rest_route=\/wp\/v2\/users\/2"}],"replies":[{"embeddable":true,"href":"https:\/\/prtcd-lg-bayern.de\/index.php?rest_route=%2Fwp%2Fv2%2Fcomments&post=196"}],"version-history":[{"count":21,"href":"https:\/\/prtcd-lg-bayern.de\/index.php?rest_route=\/wp\/v2\/pages\/196\/revisions"}],"predecessor-version":[{"id":591,"href":"https:\/\/prtcd-lg-bayern.de\/index.php?rest_route=\/wp\/v2\/pages\/196\/revisions\/591"}],"up":[{"embeddable":true,"href":"https:\/\/prtcd-lg-bayern.de\/index.php?rest_route=\/wp\/v2\/pages\/186"}],"wp:attachment":[{"href":"https:\/\/prtcd-lg-bayern.de\/index.php?rest_route=%2Fwp%2Fv2%2Fmedia&parent=196"}],"curies":[{"name":"wp","href":"https:\/\/api.w.org\/{rel}","templated":true}]}}