{"id":202,"date":"2023-10-03T18:29:15","date_gmt":"2023-10-03T16:29:15","guid":{"rendered":"http:\/\/prtcd-bayern.de\/?page_id=202"},"modified":"2024-01-10T18:04:03","modified_gmt":"2024-01-10T17:04:03","slug":"kontakt","status":"publish","type":"page","link":"https:\/\/prtcd-lg-bayern.de\/?page_id=202","title":{"rendered":"Kontakt"},"content":{"rendered":"\n<p>Bilder und Beitr\u00e4ge f\u00fcr die Webseite und Clubheft k\u00f6nnen <a rel=\"noreferrer noopener\" href=\"https:\/\/my.hidrive.com\/upl\/xwvuljDA\" data-type=\"link\" data-id=\"https:\/\/my.hidrive.com\/upl\/xwvuljDA\" target=\"_blank\">direkt in unsere Cloud <\/a>hochgeladen oder per Mail an webmaster@prtcd-bayern.de gesendet werden. Beim Direktupload bitte immer eine kurze Mail zur Info schicken, damit wir nichts \u00fcbersehen.<\/p>\n\n\n\n<p><\/p>\n\n\n\n<figure class=\"wp-block-image size-large\"><img loading=\"lazy\" decoding=\"async\" width=\"1024\" height=\"768\" src=\"https:\/\/prtcd-lg-bayern.de\/wp-content\/uploads\/2024\/01\/IMG-20220710-WA0015-1024x768.jpg\" alt=\"\" class=\"wp-image-362\" srcset=\"https:\/\/prtcd-lg-bayern.de\/wp-content\/uploads\/2024\/01\/IMG-20220710-WA0015-1024x768.jpg 1024w, https:\/\/prtcd-lg-bayern.de\/wp-content\/uploads\/2024\/01\/IMG-20220710-WA0015-300x225.jpg 300w, https:\/\/prtcd-lg-bayern.de\/wp-content\/uploads\/2024\/01\/IMG-20220710-WA0015-768x576.jpg 768w, https:\/\/prtcd-lg-bayern.de\/wp-content\/uploads\/2024\/01\/IMG-20220710-WA0015-1536x1152.jpg 1536w, https:\/\/prtcd-lg-bayern.de\/wp-content\/uploads\/2024\/01\/IMG-20220710-WA0015.jpg 2048w\" sizes=\"auto, (max-width: 1024px) 100vw, 1024px\" \/><\/figure>\n","protected":false},"excerpt":{"rendered":"<p>Bilder und Beitr\u00e4ge f\u00fcr die Webseite und Clubheft k\u00f6nnen direkt in unsere Cloud hochgeladen oder per Mail an webmaster@prtcd-bayern.de gesendet werden. Beim Direktupload bitte immer eine kurze Mail zur Info schicken, damit wir nichts \u00fcbersehen.<\/p>\n","protected":false},"author":2,"featured_media":0,"parent":0,"menu_order":5,"comment_status":"closed","ping_status":"closed","template":"","meta":{"footnotes":""},"class_list":["post-202","page","type-page","status-publish","hentry"],"_links":{"self":[{"href":"https:\/\/prtcd-lg-bayern.de\/index.php?rest_route=\/wp\/v2\/pages\/202","targetHints":{"allow":["GET"]}}],"collection":[{"href":"https:\/\/prtcd-lg-bayern.de\/index.php?rest_route=\/wp\/v2\/pages"}],"about":[{"href":"https:\/\/prtcd-lg-bayern.de\/index.php?rest_route=\/wp\/v2\/types\/page"}],"author":[{"embeddable":true,"href":"https:\/\/prtcd-lg-bayern.de\/index.php?rest_route=\/wp\/v2\/users\/2"}],"replies":[{"embeddable":true,"href":"https:\/\/prtcd-lg-bayern.de\/index.php?rest_route=%2Fwp%2Fv2%2Fcomments&post=202"}],"version-history":[{"count":1,"href":"https:\/\/prtcd-lg-bayern.de\/index.php?rest_route=\/wp\/v2\/pages\/202\/revisions"}],"predecessor-version":[{"id":363,"href":"https:\/\/prtcd-lg-bayern.de\/index.php?rest_route=\/wp\/v2\/pages\/202\/revisions\/363"}],"wp:attachment":[{"href":"https:\/\/prtcd-lg-bayern.de\/index.php?rest_route=%2Fwp%2Fv2%2Fmedia&parent=202"}],"curies":[{"name":"wp","href":"https:\/\/api.w.org\/{rel}","templated":true}]}}