{"id":474,"date":"2024-05-22T11:46:49","date_gmt":"2024-05-22T09:46:49","guid":{"rendered":"https:\/\/prtcd-lg-bayern.de\/?page_id=474"},"modified":"2025-10-01T11:00:10","modified_gmt":"2025-10-01T09:00:10","slug":"ergebnisse-2024","status":"publish","type":"page","link":"https:\/\/prtcd-lg-bayern.de\/?page_id=474","title":{"rendered":"Ergebnisse 2024"},"content":{"rendered":"\n<h4 class=\"wp-block-heading\">Zuchtpr\u00fcfung Coburg 07.09.2024<\/h4>\n\n\n\n<p>Pr\u00fcfungsleiterin: Kirsten Schwarm<br>Richterobmann: Oliver Schwarm<br>Richterin: Gabriele Wirth<br>Richterin: Kirsten Schwarm<br>Richteranw\u00e4rterin: Christine Bernhardt<br>Richteranw\u00e4rterin: Sarah Teiser<\/p>\n\n\n\n<p><\/p>\n\n\n\n<figure class=\"wp-block-table\"><table><tbody><tr><td><strong>Nr.<\/strong><\/td><td><strong>Name des Hundes<\/strong><\/td><td><strong>Stb. Nr.<\/strong><\/td><td><strong>Preis<\/strong><\/td><td><strong>Punkte<\/strong><\/td><td><strong>Laut<\/strong><\/td><\/tr><tr><td>1<\/td><td>Alos vom Habichtsthal<\/td><td>24151<\/td><td>I<\/td><td>88<\/td><td>frgl<\/td><\/tr><tr><td>2<\/td><td>Robinprouds June<\/td><td>24199<\/td><td>&#8211;<\/td><td>&#8211;<\/td><td>frgl<\/td><\/tr><\/tbody><\/table><\/figure>\n\n\n\n<hr class=\"wp-block-separator has-alpha-channel-opacity\"\/>\n\n\n\n<h4 class=\"wp-block-heading\">Junghundpr\u00fcfung Unternesselbach 08.09.2024<\/h4>\n\n\n\n<p>Pr\u00fcfungsleiter: Albin Busch<br>Richterobmann: Christian Freundorfer<br>Richterin: Isolde Fichtelmann<br>Richter: Karl Heinz M\u00fcller<\/p>\n\n\n\n<figure class=\"wp-block-table\"><table><tbody><tr><td><strong>Nr.<\/strong><\/td><td><strong>Name des Hundes<\/strong><\/td><td><strong>Stb. Nr.<\/strong><\/td><td><strong>Preis<\/strong><\/td><td><strong>Punkte<\/strong><\/td><td><strong>Laut<\/strong><\/td><\/tr><tr><td>1<\/td><td>Donya von der Lanzenm\u00fchle<\/td><td>23280LZB<\/td><td>I.<\/td><td>100<\/td><td>sil<\/td><\/tr><tr><td>2<\/td><td>Damira von der Lanzenm\u00fchle<\/td><td>23278LZB<\/td><td>II.<\/td><td>95<\/td><td>sil<\/td><\/tr><tr><td>3<\/td><td>Yosi von Unterlappach<\/td><td>23223LZB<\/td><td>II.<\/td><td>85<\/td><td>sil<\/td><\/tr><tr><td>4<\/td><td>Careo von den R\u00f6hnf\u00fcchsen<\/td><td>23237R<\/td><td>III.<\/td><td>94<\/td><td>spl<\/td><\/tr><tr><td>5<\/td><td>Norris vom Dachsfelsen<\/td><td>23080R<\/td><td>III.<\/td><td>78<\/td><td>sil<\/td><\/tr><\/tbody><\/table><\/figure>\n\n\n\n<hr class=\"wp-block-separator has-alpha-channel-opacity\"\/>\n\n\n\n<h4 class=\"wp-block-heading\">Zuchtpr\u00fcfung Coburg 01.09.2024<\/h4>\n\n\n\n<p>Pr\u00fcfungsleiter: Oliver Schwarm<br>Richterobfrau: Gabriele Wirth<br>Richterin: Kirsten Schwarm<br>Richter: Horst Fechter<\/p>\n\n\n\n<figure class=\"wp-block-table\"><table><tbody><tr><td><strong>Nr.<\/strong><\/td><td><strong>Name des Hundes<\/strong><\/td><td><strong>Stb. Nr.<\/strong><\/td><td><strong>Preis<\/strong><\/td><td><strong>Punkte<\/strong><\/td><td><strong>Laut<\/strong><\/td><\/tr><tr><td>1<\/td><td>Zazu vom Mahdenwald<\/td><td>23296 \u00dc<\/td><td>I<\/td><td>92<\/td><td>frgl<\/td><\/tr><tr><td>2<\/td><td>Babsi von der Hubertusklinge<\/td><td>23123LZB<\/td><td>I<\/td><td>88<\/td><td>fl<\/td><\/tr><tr><td>3<\/td><td>Donya von der Lanzenm\u00fchle<\/td><td>23280 LZB<\/td><td>II<\/td><td>82<\/td><td>frgl<\/td><\/tr><tr><td>4<\/td><td>Damira von der Lanzenm\u00fchle<\/td><td>23278 LZB<\/td><td>III<\/td><td>72<\/td><td>frgl<\/td><\/tr><tr><td>5<\/td><td>Careo von den Rh\u00f6nf\u00fcchsen<\/td><td>23237 R<\/td><td>&#8211;<\/td><td>&#8211;<\/td><td>&#8211;<\/td><\/tr><\/tbody><\/table><\/figure>\n\n\n\n<hr class=\"wp-block-separator has-alpha-channel-opacity\"\/>\n\n\n\n<h4 class=\"wp-block-heading\">Zuchtschau auf Schloss Niederaichbach 21. Juli 2024<\/h4>\n\n\n\n<p>Pr\u00fcfungsleiterin: Heidi Freytag<br>Zuchtrichter: Andr\u00e9 Storch<br>Protokoll: Gerda Hofbauer<\/p>\n\n\n\n<figure class=\"wp-block-table\"><table><tbody><tr><td><strong>Nr.<\/strong><\/td><td><strong>Name des Hundes<\/strong><\/td><td><strong>Stb. Nr.<\/strong><\/td><td><strong>Haar<\/strong><\/td><td><strong>Formwert<\/strong><\/td><\/tr><tr><td>1<\/td><td>Accio von der finsteren Klinge<\/td><td>23251<\/td><td>glatt<\/td><td>v<\/td><\/tr><tr><td>2<\/td><td>Fine vom gr\u00fcnen<br>Kuckuck<\/td><td>23050<\/td><td>glatt<\/td><td>v<\/td><\/tr><tr><td>3<\/td><td>Babsi von der Hubertusklinge<\/td><td>23123LZB<\/td><td>rau<\/td><td>v<\/td><\/tr><tr><td>4<\/td><td>Betty von der Hubertusklinge<\/td><td>23124LZB<\/td><td>rau<\/td><td>v<\/td><\/tr><tr><td>5<\/td><td>Biene von der Hubertusklinge<\/td><td>23125LZB<\/td><td>rau<\/td><td>sg<\/td><\/tr><tr><td>6<\/td><td>Yosi von Unterlappach<\/td><td>23223LZB<\/td><td>rau<\/td><td>v<\/td><\/tr><\/tbody><\/table><\/figure>\n\n\n\n<hr class=\"wp-block-separator has-alpha-channel-opacity\"\/>\n\n\n\n<h4 class=\"wp-block-heading\">Wesenstest Niederaichbach 21. Juli 2024<\/h4>\n\n\n\n<p>Pr\u00fcfungsleiterin: Heidi Freytag<br>Richterobfrau\/WSO: Kirsten Schwarm<br>Richter\/WS: Hans Blenninger<br>Richter\/WS: Josef Freytag<\/p>\n\n\n\n<figure class=\"wp-block-table\"><table><tbody><tr><td><strong>Nr.<\/strong><\/td><td><strong>Name des Hundes<\/strong><\/td><td><strong>Stb. Nr.<\/strong><\/td><td><strong>Ergebnis<\/strong><\/td><\/tr><tr><td>1<\/td><td>Accio von der finsteren Klinge<\/td><td>23251<\/td><td>bestanden<\/td><\/tr><tr><td>2<\/td><td>Harry vom Bindergarten<\/td><td>21072LZB<\/td><td>bestanden<\/td><\/tr><tr><td>3<\/td><td>Babsi von der Hubertusklinge<\/td><td>23123LZB<\/td><td>bestanden<\/td><\/tr><tr><td>4<\/td><td>Betty von der Hubertusklinge<\/td><td>23124LZB<\/td><td>bestanden<\/td><\/tr><tr><td>5<\/td><td>Biene von der Hubertusklinge<\/td><td>23125LZB<\/td><td>bestanden<\/td><\/tr><tr><td>6<\/td><td>Yosi von Unterlappach<\/td><td>23223LZB<\/td><td>bestanden<\/td><\/tr><tr><td>7<\/td><td>Nugget Kutcher Chan<\/td><td>22193\u00dc<\/td><td>bestanden<\/td><\/tr><\/tbody><\/table><\/figure>\n\n\n\n<hr class=\"wp-block-separator has-alpha-channel-opacity\"\/>\n\n\n\n<h4 class=\"wp-block-heading\">Wesenstest Coburg 05. Mai 2024<\/h4>\n\n\n\n<p>Pr\u00fcfungsleiterin: Kirsten Schwarm<br>Richterobfrau\/WSO: Ute Wenzlow<br>Richterin\/WS: Kirsten Schwarm<\/p>\n\n\n\n<figure class=\"wp-block-table\"><table><tbody><tr><td><strong>Nr.<\/strong><\/td><td><strong>Name des Hundes<\/strong><\/td><td><strong>Stb. Nr.<\/strong><\/td><td><strong>Ergebnis<\/strong><\/td><\/tr><tr><td>1<\/td><td>Damira von der Lanzenm\u00fchle<\/td><td>23278 LZB<\/td><td>bestanden<\/td><\/tr><tr><td>2<\/td><td>Donya von der Lanzenm\u00fchle<\/td><td>23280 LZB<\/td><td>bestanden<\/td><\/tr><tr><td>3<\/td><td>Zazu vom Mahdenwald<\/td><td>23296 \u00dc<\/td><td>bestanden<\/td><\/tr><tr><td>4<\/td><td>Careo von den Rh\u00f6nf\u00fcchsen<\/td><td>23237 R<\/td><td>bestanden<\/td><\/tr><tr><td>5<\/td><td>Yvi von Unterlappach<\/td><td>23225 LZB<\/td><td>nicht bestanden<\/td><\/tr><\/tbody><\/table><\/figure>\n\n\n\n<hr class=\"wp-block-separator has-alpha-channel-opacity\"\/>\n\n\n\n<h4 class=\"wp-block-heading\">Junghundpr\u00fcfung Mintraching 20.04.2024<\/h4>\n\n\n\n<p>Pr\u00fcfungsleiter: Hans Blenninger<br>Richterobmann\/WSO: Barbara Linke<br>Richterin\/WS: Hans Blenninger<br>Richterin\/WS: Peter Brand<\/p>\n\n\n\n<figure class=\"wp-block-table\"><table><tbody><tr><td><strong>Nr.<\/strong><\/td><td><strong>Name des Hundes<\/strong><\/td><td><strong>Stb. Nr.<\/strong><\/td><td><strong>Preis<\/strong><\/td><td><strong>Punkte<\/strong><\/td><td><strong>Laut<\/strong><\/td><\/tr><tr><td>1<\/td><td>Babsi v.d. Hubertusklinge<\/td><td>22123LZB<\/td><td>I.<\/td><td>104<\/td><td>spl<\/td><\/tr><tr><td>2<\/td><td>Betty v.d. Hubertusklinge<\/td><td>23124LZB<\/td><td>II.<\/td><td>99<\/td><td>spl<\/td><\/tr><tr><td>3<\/td><td>Biene v.d. Hubertusklinge<\/td><td>23125LZB<\/td><td>III.<\/td><td>82<\/td><td>spl<\/td><\/tr><tr><td>4<\/td><td>Yvi von Unterlappach<\/td><td>23225LZB<\/td><td>III.<\/td><td>78<\/td><td>sil<\/td><\/tr><\/tbody><\/table><\/figure>\n","protected":false},"excerpt":{"rendered":"<p>Zuchtpr\u00fcfung Coburg 07.09.2024 Pr\u00fcfungsleiterin: Kirsten SchwarmRichterobmann: Oliver SchwarmRichterin: Gabriele WirthRichterin: Kirsten SchwarmRichteranw\u00e4rterin: Christine BernhardtRichteranw\u00e4rterin: Sarah Teiser Nr. Name des Hundes Stb. Nr. Preis Punkte Laut 1 Alos vom Habichtsthal 24151 I 88 frgl 2 Robinprouds June 24199 &#8211; &#8211; frgl Junghundpr\u00fcfung Unternesselbach 08.09.2024 Pr\u00fcfungsleiter: Albin BuschRichterobmann: Christian FreundorferRichterin: Isolde FichtelmannRichter: Karl Heinz M\u00fcller Nr. Name [&hellip;]<\/p>\n","protected":false},"author":1,"featured_media":0,"parent":82,"menu_order":-1,"comment_status":"closed","ping_status":"closed","template":"","meta":{"footnotes":""},"class_list":["post-474","page","type-page","status-publish","hentry"],"_links":{"self":[{"href":"https:\/\/prtcd-lg-bayern.de\/index.php?rest_route=\/wp\/v2\/pages\/474","targetHints":{"allow":["GET"]}}],"collection":[{"href":"https:\/\/prtcd-lg-bayern.de\/index.php?rest_route=\/wp\/v2\/pages"}],"about":[{"href":"https:\/\/prtcd-lg-bayern.de\/index.php?rest_route=\/wp\/v2\/types\/page"}],"author":[{"embeddable":true,"href":"https:\/\/prtcd-lg-bayern.de\/index.php?rest_route=\/wp\/v2\/users\/1"}],"replies":[{"embeddable":true,"href":"https:\/\/prtcd-lg-bayern.de\/index.php?rest_route=%2Fwp%2Fv2%2Fcomments&post=474"}],"version-history":[{"count":8,"href":"https:\/\/prtcd-lg-bayern.de\/index.php?rest_route=\/wp\/v2\/pages\/474\/revisions"}],"predecessor-version":[{"id":573,"href":"https:\/\/prtcd-lg-bayern.de\/index.php?rest_route=\/wp\/v2\/pages\/474\/revisions\/573"}],"up":[{"embeddable":true,"href":"https:\/\/prtcd-lg-bayern.de\/index.php?rest_route=\/wp\/v2\/pages\/82"}],"wp:attachment":[{"href":"https:\/\/prtcd-lg-bayern.de\/index.php?rest_route=%2Fwp%2Fv2%2Fmedia&parent=474"}],"curies":[{"name":"wp","href":"https:\/\/api.w.org\/{rel}","templated":true}]}}