{"id":8,"date":"2023-08-30T09:43:06","date_gmt":"2023-08-30T09:43:06","guid":{"rendered":"http:\/\/prtcd-bayern.de\/?page_id=2"},"modified":"2024-02-26T09:38:30","modified_gmt":"2024-02-26T08:38:30","slug":"sample-page-2","status":"publish","type":"page","link":"https:\/\/prtcd-lg-bayern.de\/","title":{"rendered":"Willkommen"},"content":{"rendered":"\n<p>Herzlich Willkommen auf der Webseite der Landesgruppe Bayern des <a href=\"https:\/\/www.prtcd.de\/\">Parson Russell Terrier Club Deutschland e.V.<\/a><\/p>\n\n\n\n<p>Hier gibt es aktuelle Infos aus der Landesgruppe, anstehende Pr\u00fcfungstermine, Berichte unserer Aktivit\u00e4ten, Z\u00fcchter-Adressen und vor allem: Unsere Hunde!<\/p>\n\n\n\n<p><\/p>\n\n\n\n<figure class=\"wp-block-image size-large\"><img loading=\"lazy\" decoding=\"async\" width=\"1024\" height=\"682\" src=\"https:\/\/prtcd-lg-bayern.de\/wp-content\/uploads\/2024\/01\/IMG_1181-1024x682.jpg\" alt=\"\" class=\"wp-image-360\" srcset=\"https:\/\/prtcd-lg-bayern.de\/wp-content\/uploads\/2024\/01\/IMG_1181-1024x682.jpg 1024w, https:\/\/prtcd-lg-bayern.de\/wp-content\/uploads\/2024\/01\/IMG_1181-300x200.jpg 300w, https:\/\/prtcd-lg-bayern.de\/wp-content\/uploads\/2024\/01\/IMG_1181-768x512.jpg 768w, https:\/\/prtcd-lg-bayern.de\/wp-content\/uploads\/2024\/01\/IMG_1181.jpg 1244w\" sizes=\"auto, (max-width: 1024px) 100vw, 1024px\" \/><figcaption class=\"wp-element-caption\">Erdmann von der Lutherlinde aka. Cooper<\/figcaption><\/figure>\n\n\n\n<p class=\"has-small-font-size\">Der PRTCD e.V. ist Mitglied im JGHV, VDH und FCI.<\/p>\n","protected":false},"excerpt":{"rendered":"<p>Herzlich Willkommen auf der Webseite der Landesgruppe Bayern des Parson Russell Terrier Club Deutschland e.V. Hier gibt es aktuelle Infos aus der Landesgruppe, anstehende Pr\u00fcfungstermine, Berichte unserer Aktivit\u00e4ten, Z\u00fcchter-Adressen und vor allem: Unsere Hunde! Der PRTCD e.V. ist Mitglied im JGHV, VDH und FCI.<\/p>\n","protected":false},"author":2,"featured_media":0,"parent":0,"menu_order":1,"comment_status":"closed","ping_status":"open","template":"","meta":{"footnotes":""},"class_list":["post-8","page","type-page","status-publish","hentry"],"_links":{"self":[{"href":"https:\/\/prtcd-lg-bayern.de\/index.php?rest_route=\/wp\/v2\/pages\/8","targetHints":{"allow":["GET"]}}],"collection":[{"href":"https:\/\/prtcd-lg-bayern.de\/index.php?rest_route=\/wp\/v2\/pages"}],"about":[{"href":"https:\/\/prtcd-lg-bayern.de\/index.php?rest_route=\/wp\/v2\/types\/page"}],"author":[{"embeddable":true,"href":"https:\/\/prtcd-lg-bayern.de\/index.php?rest_route=\/wp\/v2\/users\/2"}],"replies":[{"embeddable":true,"href":"https:\/\/prtcd-lg-bayern.de\/index.php?rest_route=%2Fwp%2Fv2%2Fcomments&post=8"}],"version-history":[{"count":2,"href":"https:\/\/prtcd-lg-bayern.de\/index.php?rest_route=\/wp\/v2\/pages\/8\/revisions"}],"predecessor-version":[{"id":438,"href":"https:\/\/prtcd-lg-bayern.de\/index.php?rest_route=\/wp\/v2\/pages\/8\/revisions\/438"}],"wp:attachment":[{"href":"https:\/\/prtcd-lg-bayern.de\/index.php?rest_route=%2Fwp%2Fv2%2Fmedia&parent=8"}],"curies":[{"name":"wp","href":"https:\/\/api.w.org\/{rel}","templated":true}]}}